{"id":25620,"date":"2019-03-27T07:37:03","date_gmt":"2019-03-27T07:37:03","guid":{"rendered":"http:\/\/democontent.codex-themes.com\/sites\/shop-justified\/?page_id=25620"},"modified":"2023-01-12T13:06:07","modified_gmt":"2023-01-12T12:06:07","slug":"our-team","status":"publish","type":"page","link":"https:\/\/baraka-shop.com\/?page_id=25620","title":{"rendered":"Baraka &#8211; Our Team"},"content":{"rendered":"<div class=\"wpb-content-wrapper\"><p>[vc_row full_width=&#8221;stretch_row_content_no_spaces&#8221; css=&#8221;.vc_custom_1553002938290{margin-bottom: 0px !important;padding-top: 42px !important;padding-right: 42px !important;padding-left: 42px !important;}&#8221;][vc_column css=&#8221;.vc_custom_1673525016605{margin-left: px !important;padding-top: 0px !important;background-color: #00bcd4 !important;}&#8221;]<div class=\"clearboth\"><\/div><style>#thegem-divider-69fc8184234d8 {margin-top: 60px !important;}<\/style><div id=\"thegem-divider-69fc8184234d8\" class=\"gem-divider  \" style=\"\" ><\/div>[vc_column_text css_animation=&#8221;bottom-to-top&#8221; css=&#8221;.vc_custom_1673525165342{margin-right: 50px !important;margin-left: 50px !important;border-right-width: 30px !important;}&#8221;]<\/p>\n<div class=\"styled-subtitle\">\n<div class=\"styled-subtitle\"><span style=\"color: #000000;\">As a long-term <strong><em>darbuka enthusiast<\/em><\/strong>, I had a vision to spread <strong><em>happiness<\/em><\/strong> by turning a clay darbuka into a colourful piece of art with the rigid standard of <strong><em>quality<\/em><\/strong>, <strong><em>craftsmanship<\/em><\/strong> and <strong><em>creativity<\/em><\/strong>. This vision was built to perfection, step by step, from 2014 to fall of 2018 when <strong><em>Baraka percussion<\/em><\/strong> was officially brought to life.<\/span><\/div>\n<div class=\"styled-subtitle\"><span style=\"color: #000000;\">Today <strong><em>Baraka<\/em><\/strong> darbukas are sold in more than 25 countries and on every continent.<\/span><\/div>\n<div class=\"styled-subtitle\"><span style=\"color: #000000;\">All of <strong><em>Baraka<\/em><\/strong> percussion instruments are hand-made with love. We feature broad spectrum of models using a variety of colour combinations with special type of glazing process.<\/span><\/div>\n<div class=\"styled-subtitle\"><span style=\"color: #000000;\">Simply put: there\u2019s a <strong><em>high quality<\/em><\/strong> darbuka for each darbuka enthusiast available in the heart of Europe.<\/span><\/div>\n<div>Lehel Nyers<\/div>\n<\/div>\n<p>[\/vc_column_text]<div class=\"socials socials-list socials-colored-hover socials-rounded socials-alignment-center\"><a class=\"socials-item\" target=\"_blank\" href=\"https:\/\/www.facebook.com\/profile.php?id=100014043858983\" style=\"color: #212227;\" aria-label=\"facebook\"><i class=\"socials-item-icon facebook\" style=\"font-size: 32px\"><\/i><\/a><a class=\"socials-item\" target=\"_blank\" href=\"https:\/\/www.instagram.com\/barakapercussion\/\" style=\"color: #212227;\" aria-label=\"instagram\"><i class=\"socials-item-icon instagram\" style=\"font-size: 32px\"><\/i><\/a><a class=\"socials-item\" target=\"_blank\" href=\"+381643285470\" style=\"color: #212227;\" aria-label=\"whatsapp\"><i class=\"socials-item-icon whatsapp\" style=\"font-size: 32px\"><\/i><\/a><a class=\"socials-item\" target=\"_blank\" href=\"https:\/\/www.youtube.com\/channel\/UCuT0GNzBjDpwMQEvQdZR_Bg\" style=\"color: #212227;\" aria-label=\"youtube\"><i class=\"socials-item-icon youtube\" style=\"font-size: 32px\"><\/i><\/a><\/div><div class=\"clearboth\"><\/div><style>#thegem-divider-69fc818423519 {margin-top: 70px !important;}<\/style><div id=\"thegem-divider-69fc818423519\" class=\"gem-divider  \" style=\"\" ><\/div>[\/vc_column][\/vc_row][vc_row full_width=&#8221;stretch_row_content_no_spaces&#8221; css=&#8221;.vc_custom_1553002938290{margin-bottom: 0px !important;padding-top: 42px !important;padding-right: 42px !important;padding-left: 42px !important;}&#8221;][vc_column css=&#8221;.vc_custom_1553001662752{padding-top: 0px !important;}&#8221;][vc_text_separator title=&#8221;Our team&#8221;][\/vc_column][\/vc_row][vc_row full_width=&#8221;stretch_row_content_no_spaces&#8221; css=&#8221;.vc_custom_1553002938290{margin-bottom: 0px !important;padding-top: 42px !important;padding-right: 42px !important;padding-left: 42px !important;}&#8221;][vc_column css=&#8221;.vc_custom_1553001662752{padding-top: 0px !important;}&#8221;]<div class=\"gem-team row inline-row gem-team-style-3\" data-hover-colors=\"{&quot;position_color&quot;:&quot;#212227&quot;,&quot;tel_color&quot;:&quot;#00bcd4&quot;}\" > <div class=\"col-md-4 col-sm-6 col-xs-12 inline-column\"> <div id=\"post-26616\" class=\"team-person centered-box bordered-box post-26616 thegem_team_person type-thegem_team_person status-publish has-post-thumbnail\" style=\"background-color: #ffffff; \"> <div class=\"team-person-image\"> <picture> <source srcset=\"https:\/\/baraka-shop.com\/wp-content\/uploads\/2021\/11\/lehel2-net-thegem-person-240.jpg 1x\" sizes=\"100vw\"> <img src=\"https:\/\/baraka-shop.com\/wp-content\/uploads\/2021\/11\/lehel2-net-thegem-person-240.jpg\" width=\"240\" height=\"240\" class=\"img-responsive\" alt=\"lehel2-net\" \/> <\/picture> <\/div> <div class=\"team-person-info\"> <div class=\"team-person-name styled-subtitle\" style=\"color: #212227\">Lehel Nyers<\/div> <div class=\"team-person-position date-color\" style=\"color: #99a9b5\">Chief executive<\/div> <\/div> <\/div> <\/div> <div class=\"col-md-4 col-sm-6 col-xs-12 inline-column\"> <div id=\"post-25636\" class=\"team-person centered-box bordered-box post-25636 thegem_team_person type-thegem_team_person status-publish has-post-thumbnail\" style=\"background-color: #ffffff; \"> <div class=\"team-person-image\"> <span> <picture> <source srcset=\"https:\/\/baraka-shop.com\/wp-content\/uploads\/2019\/03\/10524573_691894000866167_5526709083034071382_n-thegem-person-240.jpg 1x\" sizes=\"100vw\"> <img src=\"https:\/\/baraka-shop.com\/wp-content\/uploads\/2019\/03\/10524573_691894000866167_5526709083034071382_n-thegem-person-240.jpg\" width=\"240\" height=\"240\" class=\"img-responsive\" alt=\"10524573_691894000866167_5526709083034071382_n\" \/> <\/picture> <\/span> <\/div> <div class=\"team-person-info\"> <div class=\"team-person-name styled-subtitle\" style=\"color: #212227\">P\u00e9ter \u00d3zsv\u00e1r<\/div> <div class=\"team-person-position date-color\" style=\"color: #99a9b5\">Potter Master<\/div> <\/div> <a class=\"team-person-link\" href=\"#\" target=\"_self\" aria-label=\"P\u00e9ter \u00d3zsv\u00e1r\"><\/a>\t<\/div> <\/div> <div class=\"col-md-4 col-sm-6 col-xs-12 inline-column\"> <div id=\"post-25634\" class=\"team-person centered-box bordered-box post-25634 thegem_team_person type-thegem_team_person status-publish has-post-thumbnail\" style=\"background-color: #ffffff; \"> <div class=\"team-person-image\"> <span> <picture> <source srcset=\"https:\/\/baraka-shop.com\/wp-content\/uploads\/2019\/03\/s200_olivera.grljevic.jpg 1x\" sizes=\"100vw\"> <img src=\"https:\/\/baraka-shop.com\/wp-content\/uploads\/2019\/03\/s200_olivera.grljevic.jpg\" width=\"200\" height=\"200\" class=\"img-responsive\" alt=\"s200_olivera.grljevic\" \/> <\/picture> <\/span> <\/div> <div class=\"team-person-info\"> <div class=\"team-person-name styled-subtitle\" style=\"color: #212227\">Olivera Grljevic<\/div> <div class=\"team-person-position date-color\" style=\"color: #99a9b5\">Sales Manager<\/div> <\/div> <a class=\"team-person-link\" href=\"#\" target=\"_self\" aria-label=\"Olivera Grljevic\"><\/a>\t<\/div> <\/div> <\/div>[\/vc_column][\/vc_row]<\/p>\n<\/div>","protected":false},"excerpt":{"rendered":"<p>[vc_row full_width=&#8221;stretch_row_content_no_spaces&#8221; css=&#8221;.vc_custom_1553002938290{margin-bottom: 0px !important;padding-top: 42px !important;padding-right: 42px !important;padding-left: 42px !important;}&#8221;][vc_column css=&#8221;.vc_custom_1673525016605{margin-left: px !important;padding-top: 0px !important;background-color: #00bcd4 !important;}&#8221;][vc_column_text css_animation=&#8221;bottom-to-top&#8221; css=&#8221;.vc_custom_1673525165342{margin-right:&#8230;<\/p>\n","protected":false},"author":1,"featured_media":0,"parent":0,"menu_order":0,"comment_status":"closed","ping_status":"closed","template":"","meta":{"_monsterinsights_skip_tracking":false,"_monsterinsights_sitenote_active":false,"_monsterinsights_sitenote_note":"","_monsterinsights_sitenote_category":0,"footnotes":""},"class_list":["post-25620","page","type-page","status-publish"],"aioseo_notices":[],"_links":{"self":[{"href":"https:\/\/baraka-shop.com\/index.php?rest_route=\/wp\/v2\/pages\/25620","targetHints":{"allow":["GET"]}}],"collection":[{"href":"https:\/\/baraka-shop.com\/index.php?rest_route=\/wp\/v2\/pages"}],"about":[{"href":"https:\/\/baraka-shop.com\/index.php?rest_route=\/wp\/v2\/types\/page"}],"author":[{"embeddable":true,"href":"https:\/\/baraka-shop.com\/index.php?rest_route=\/wp\/v2\/users\/1"}],"replies":[{"embeddable":true,"href":"https:\/\/baraka-shop.com\/index.php?rest_route=%2Fwp%2Fv2%2Fcomments&post=25620"}],"version-history":[{"count":36,"href":"https:\/\/baraka-shop.com\/index.php?rest_route=\/wp\/v2\/pages\/25620\/revisions"}],"predecessor-version":[{"id":26629,"href":"https:\/\/baraka-shop.com\/index.php?rest_route=\/wp\/v2\/pages\/25620\/revisions\/26629"}],"wp:attachment":[{"href":"https:\/\/baraka-shop.com\/index.php?rest_route=%2Fwp%2Fv2%2Fmedia&parent=25620"}],"curies":[{"name":"wp","href":"https:\/\/api.w.org\/{rel}","templated":true}]}}